{"id":820,"date":"2016-09-08T10:19:02","date_gmt":"2016-09-08T09:19:02","guid":{"rendered":"http:\/\/www.aluna-cosmetics.com\/?page_id=820&#038;lang=en"},"modified":"2016-09-09T14:53:38","modified_gmt":"2016-09-09T13:53:38","slug":"home","status":"publish","type":"page","link":"http:\/\/www.aluna-cosmetics.com\/en\/","title":{"rendered":"Home"},"content":{"rendered":"<p>[et_pb_section fullwidth=&#8221;on&#8221; specialty=&#8221;off&#8221; background_image=&#8221;http:\/\/www.aluna-cosmetics.com\/wp-content\/uploads\/2014\/10\/Photogammeseule.jpg&#8221; transparent_background=&#8221;off&#8221; background_color=&#8221;#ffffff&#8221; inner_shadow=&#8221;off&#8221; parallax=&#8221;off&#8221; parallax_method=&#8221;off&#8221;][et_pb_fullwidth_slider admin_label=&#8221;Fullwidth Slider&#8221; show_arrows=&#8221;off&#8221; show_pagination=&#8221;off&#8221; auto=&#8221;off&#8221; parallax=&#8221;off&#8221; parallax_method=&#8221;off&#8221;][et_pb_slide heading=&#8221;JOIN THE RESPONSIBLE COSMETIC&#8221; background_image=&#8221;http:\/\/www.aluna-cosmetics.com\/wp-content\/uploads\/2014\/10\/Photogammeseule.jpg&#8221; background_color=&#8221;#ffffff&#8221; alignment=&#8221;center&#8221; background_layout=&#8221;light&#8221; \/][et_pb_slide background_image=&#8221;http:\/\/www.aluna-cosmetics.com\/wp-content\/uploads\/2014\/10\/Photogammeseule.jpg&#8221; background_color=&#8221;#ffffff&#8221; alignment=&#8221;center&#8221; background_layout=&#8221;dark&#8221; \/][\/et_pb_fullwidth_slider][\/et_pb_section][et_pb_section fullwidth=&#8221;off&#8221; specialty=&#8221;on&#8221;][et_pb_column type=&#8221;1_3&#8243;][et_pb_image admin_label=&#8221;Image&#8221; src=&#8221;http:\/\/www.aluna-cosmetics.com\/wp-content\/uploads\/2014\/10\/bandeaux-couleur.jpg&#8221; show_in_lightbox=&#8221;off&#8221; url_new_window=&#8221;off&#8221; animation=&#8221;left&#8221; sticky=&#8221;off&#8221; \/][\/et_pb_column][et_pb_column type=&#8221;2_3&#8243; specialty_columns=&#8221;2&#8243;][et_pb_row_inner][et_pb_column_inner type=&#8221;4_4&#8243;][et_pb_text admin_label=&#8221;Text&#8221; background_layout=&#8221;light&#8221; text_orientation=&#8221;left&#8221;]<\/p>\n<h1>JOIN THE RESPONSIBLE COSMETIC<\/h1>\n<p>[\/et_pb_text][\/et_pb_column_inner][\/et_pb_row_inner][et_pb_row_inner][et_pb_column_inner type=&#8221;1_2&#8243;][et_pb_text admin_label=&#8221;Text&#8221; background_layout=&#8221;light&#8221; text_orientation=&#8221;left&#8221;]<\/p>\n<p>Depuis plus de 50 ans notre laboratoire est un acteur de la cosme\u0301tique naturelle.<br \/>\nDernier fa\u00e7onnier fran\u00e7ais de Pierres d&#8217;alun et pionnier de la cosm\u00e9tique naturelle depuis 1957, fort d\u2019un savoir-faire unique, nous portons un souci tout particulier a\u0300 l\u2019e\u0301laboration de nos formules. Des ingre\u0301dients naturels, efficaces, pour un confort d\u2019utilisation en pre\u0301servant le respect de votre corps.<br \/>\nLors de la reprise de la socie\u0301te\u0301, Alexandre et Romain, ont de\u0301veloppe\u0301 une gamme comple\u0300te de produits.<\/p>\n<p>[\/et_pb_text][\/et_pb_column_inner][et_pb_column_inner type=&#8221;1_2&#8243;][et_pb_text admin_label=&#8221;Text&#8221; background_layout=&#8221;light&#8221; text_orientation=&#8221;left&#8221;]<\/p>\n<ul>\n<li>Bienfaits d\u2019ingre\u0301dients ve\u0301ge\u0301taux et mine\u0301raux naturels.<\/li>\n<li>Savoir-faire ancestraux.<\/li>\n<li>Reflet de notre engagement e\u0301cologique et social.<\/li>\n<li>Ingre\u0301dients ve\u0301ge\u0301taux sont issus d\u2019une agriculture biologique raisonne\u0301e.<\/li>\n<\/ul>\n<p>[\/et_pb_text][\/et_pb_column_inner][\/et_pb_row_inner][\/et_pb_column][\/et_pb_section][et_pb_section fullwidth=&#8221;off&#8221; specialty=&#8221;off&#8221;][et_pb_row][et_pb_column type=&#8221;4_4&#8243;][et_pb_text admin_label=&#8221;Text&#8221; background_layout=&#8221;light&#8221; text_orientation=&#8221;left&#8221; module_class=&#8221;titre-derniers-articles&#8221;]<\/p>\n<h1>LATEST POSTS<\/h1>\n<p>[\/et_pb_text][\/et_pb_column][\/et_pb_row][et_pb_row][et_pb_column type=&#8221;4_4&#8243;][et_pb_blog admin_label=&#8221;Blog&#8221; fullwidth=&#8221;on&#8221; posts_number=&#8221;2&#8243; meta_date=&#8221;j M, Y&#8221; show_thumbnail=&#8221;off&#8221; show_content=&#8221;off&#8221; show_more=&#8221;on&#8221; show_author=&#8221;off&#8221; show_date=&#8221;on&#8221; show_categories=&#8221;off&#8221; show_pagination=&#8221;off&#8221; background_layout=&#8221;light&#8221; module_class=&#8221;posts-home&#8221; \/][\/et_pb_column][\/et_pb_row][\/et_pb_section]<\/p>\n","protected":false},"excerpt":{"rendered":"<p>JOIN THE RESPONSIBLE COSMETIC Depuis plus de 50 ans notre laboratoire est un acteur de la cosme\u0301tique naturelle. Dernier fa\u00e7onnier fran\u00e7ais de Pierres d&#8217;alun et pionnier de la cosm\u00e9tique naturelle depuis 1957, fort d\u2019un savoir-faire unique, nous portons un souci tout particulier a\u0300 l\u2019e\u0301laboration de nos formules. Des ingre\u0301dients naturels, efficaces, pour un confort d\u2019utilisation [&hellip;]<\/p>\n","protected":false},"author":4,"featured_media":0,"parent":0,"menu_order":0,"comment_status":"closed","ping_status":"closed","template":"","meta":{"_et_pb_use_builder":"on","_et_pb_old_content":"","_et_gb_content_width":"","footnotes":""},"_links":{"self":[{"href":"http:\/\/www.aluna-cosmetics.com\/en\/wp-json\/wp\/v2\/pages\/820"}],"collection":[{"href":"http:\/\/www.aluna-cosmetics.com\/en\/wp-json\/wp\/v2\/pages"}],"about":[{"href":"http:\/\/www.aluna-cosmetics.com\/en\/wp-json\/wp\/v2\/types\/page"}],"author":[{"embeddable":true,"href":"http:\/\/www.aluna-cosmetics.com\/en\/wp-json\/wp\/v2\/users\/4"}],"replies":[{"embeddable":true,"href":"http:\/\/www.aluna-cosmetics.com\/en\/wp-json\/wp\/v2\/comments?post=820"}],"version-history":[{"count":4,"href":"http:\/\/www.aluna-cosmetics.com\/en\/wp-json\/wp\/v2\/pages\/820\/revisions"}],"predecessor-version":[{"id":886,"href":"http:\/\/www.aluna-cosmetics.com\/en\/wp-json\/wp\/v2\/pages\/820\/revisions\/886"}],"wp:attachment":[{"href":"http:\/\/www.aluna-cosmetics.com\/en\/wp-json\/wp\/v2\/media?parent=820"}],"curies":[{"name":"wp","href":"https:\/\/api.w.org\/{rel}","templated":true}]}}