{"id":828,"date":"2016-09-08T10:21:08","date_gmt":"2016-09-08T09:21:08","guid":{"rendered":"http:\/\/www.aluna-cosmetics.com\/?page_id=828&#038;lang=en"},"modified":"2016-09-08T10:21:08","modified_gmt":"2016-09-08T09:21:08","slug":"spray-deodorant","status":"publish","type":"page","link":"http:\/\/www.aluna-cosmetics.com\/en\/spray-deodorant\/","title":{"rendered":"Spray deodorant"},"content":{"rendered":"<p>[et_pb_section fullwidth=&#8221;on&#8221; specialty=&#8221;off&#8221; inner_shadow=&#8221;off&#8221; parallax=&#8221;off&#8221; background_color=&#8221;#ffffff&#8221; transparent_background=&#8221;off&#8221; parallax_method=&#8221;off&#8221; module_class=&#8221;titres-page&#8221;][et_pb_fullwidth_header admin_label=&#8221;Fullwidth Header&#8221; title=&#8221;Spray d\u00e9odorant&#8221; subhead=&#8221;Biologique&#8221; background_layout=&#8221;light&#8221; text_orientation=&#8221;left&#8221; \/][\/et_pb_section][et_pb_section fullwidth=&#8221;off&#8221; specialty=&#8221;off&#8221;][et_pb_row][et_pb_column type=&#8221;1_2&#8243;][et_pb_text admin_label=&#8221;Text&#8221; background_layout=&#8221;light&#8221; text_orientation=&#8221;left&#8221;]NOS SPRAYS D\u00c9ODORANTS SONT TOUS CERTIFIES PAR ECOCERT ET LABELLISES PAR COSMEBIO.<br \/>\nCET ENGAGEMENT REFL\u00c8TE LA PHILOSOPHIE ALUNA : UTILISEZ AU MIEUX LES RESSOURCES NATURELLES CONNUES DE LONGUES DATES, TOUT EN PR\u00c9SERVANT LEUR P\u00c9RENNIT\u00c9.<br \/>\nL\u2019ACTION DE R\u00c9GULATION DE LA TRANSPIRATION DE LA PIERRE D\u2019ALUN EST AINSI RENFORC\u00c9E PAR L\u2019EMPLOI INGR\u00c9DIENTS V\u00c9G\u00c9TAUX NATURELS : ROSE, MENTHE, SAUGE.<br \/>\nSOUCIEUX DU CONFORT D&#8217;UTILISATION DE CHACUN, NOUS AVONS MIS AU POINT DES FORMULES CONCENTR\u00c9ES POUR UNE APPLICATION BRUME, EFFICACE ET ECONOMIQUE.<\/p>\n<p><a href=\"http:\/\/www.aluna-cosmetics.com\/wp-content\/uploads\/2014\/10\/FABRICATIONFRANCAISEbleublancrouge.jpg\"><img loading=\"lazy\" decoding=\"async\" class=\"alignright size-full wp-image-529\" src=\"http:\/\/www.aluna-cosmetics.com\/wp-content\/uploads\/2014\/10\/FABRICATIONFRANCAISEbleublancrouge.jpg\" alt=\"FABRICATIONFRANCAISEbleublancrouge\" width=\"165\" height=\"111\" \/><\/a>[\/et_pb_text][\/et_pb_column][et_pb_column type=&#8221;1_2&#8243;][et_pb_image admin_label=&#8221;Image&#8221; src=&#8221;http:\/\/www.aluna-cosmetics.com\/wp-content\/uploads\/2014\/10\/deodorant.jpg&#8221; show_in_lightbox=&#8221;on&#8221; url_new_window=&#8221;off&#8221; animation=&#8221;left&#8221; sticky=&#8221;off&#8221; \/][\/et_pb_column][\/et_pb_row][\/et_pb_section][et_pb_section fullwidth=&#8221;off&#8221; specialty=&#8221;off&#8221; transparent_background=&#8221;off&#8221; background_color=&#8221;#ffffff&#8221; inner_shadow=&#8221;off&#8221; parallax=&#8221;off&#8221; parallax_method=&#8221;off&#8221; module_class=&#8221;produits&#8221;][et_pb_row][et_pb_column type=&#8221;1_3&#8243;][et_pb_text admin_label=&#8221;Text&#8221; background_layout=&#8221;dark&#8221; text_orientation=&#8221;left&#8221; module_class=&#8221;titre-rose&#8221;]<\/p>\n<h3>Spray d\u00e9odorant<\/h3>\n<h4>\u00c0 l\u2019Eau de Rose BIO<\/h4>\n<p>[\/et_pb_text][et_pb_image admin_label=&#8221;Image&#8221; src=&#8221;http:\/\/www.aluna-cosmetics.com\/wp-content\/uploads\/2014\/11\/ALUNA-Spray-Allons-Voir-si-Spray-D\u00e9odorant-BIO-e1415273122100.jpg&#8221; show_in_lightbox=&#8221;on&#8221; url_new_window=&#8221;off&#8221; animation=&#8221;left&#8221; sticky=&#8221;off&#8221; alt=&#8221;ALLONS VOIR SI&#8221; title_text=&#8221;ALLONS VOIR SI&#8221; \/][et_pb_text admin_label=&#8221;Text&#8221; background_layout=&#8221;light&#8221; text_orientation=&#8221;left&#8221; module_class=&#8221;gallerie-rose&#8221;]<\/p>\n<h3 style=\"text-align: center;\">Allons Voir Si<\/h3>\n<p style=\"text-align: center;\">D\u00e9odorant spray 100ml<br \/>\nEau de Rose et Aloe Vera BIO<br \/>\nPulv\u00e9risateur sans gaz<\/p>\n<p style=\"text-align: center;\"><a href=\"http:\/\/www.aluna-cosmetics.com\/wp-content\/uploads\/2014\/10\/Logo-TrimanHD3028.jpg\"><img loading=\"lazy\" decoding=\"async\" class=\"alignright size-full wp-image-531\" src=\"http:\/\/www.aluna-cosmetics.com\/wp-content\/uploads\/2014\/10\/Logo-TrimanHD3028.jpg\" alt=\"Logo TrimanHD3028\" width=\"30\" height=\"28\" \/><\/a><\/p>\n<p>[\/et_pb_text][et_pb_text admin_label=&#8221;Text&#8221; background_layout=&#8221;dark&#8221; text_orientation=&#8221;left&#8221; module_class=&#8221;legende-rose&#8221;]Rose de Damas &#8211; Action apaisante[\/et_pb_text][\/et_pb_column][et_pb_column type=&#8221;1_3&#8243;][et_pb_text admin_label=&#8221;Text&#8221; background_layout=&#8221;dark&#8221; text_orientation=&#8221;left&#8221; module_class=&#8221;titre-menthe&#8221;]<\/p>\n<h3>Spray d\u00e9odorant<\/h3>\n<h4>\u00c0 la Menthe Poivr\u00e9e BIO<\/h4>\n<p>[\/et_pb_text][et_pb_image admin_label=&#8221;Image&#8221; src=&#8221;http:\/\/www.aluna-cosmetics.com\/wp-content\/uploads\/2014\/11\/ALUNA-Spray-menthe-Hello-Spray-D\u00e9odorant-BIO-e1415273196332.jpg&#8221; show_in_lightbox=&#8221;on&#8221; url_new_window=&#8221;off&#8221; animation=&#8221;left&#8221; sticky=&#8221;off&#8221; alt=&#8221;MENTHE HELLO&#8221; title_text=&#8221;MENTHE HELLO&#8221; \/][et_pb_text admin_label=&#8221;Text&#8221; background_layout=&#8221;light&#8221; text_orientation=&#8221;left&#8221; module_class=&#8221;gallerie-menthe &#8220;]<\/p>\n<h3 style=\"text-align: center;\">Menthe Hello<\/h3>\n<p style=\"text-align: center;\">Menthe Hello<br \/>\nMenthe poivr\u00e9e et Aloe Vera BIO<br \/>\nPulv\u00e9risateur sans gaz<\/p>\n<p style=\"text-align: center;\"><a href=\"http:\/\/www.aluna-cosmetics.com\/wp-content\/uploads\/2014\/10\/Logo-TrimanHD3028.jpg\"><img loading=\"lazy\" decoding=\"async\" class=\"alignright size-full wp-image-531\" src=\"http:\/\/www.aluna-cosmetics.com\/wp-content\/uploads\/2014\/10\/Logo-TrimanHD3028.jpg\" alt=\"Logo TrimanHD3028\" width=\"30\" height=\"28\" \/><\/a><\/p>\n<p>[\/et_pb_text][et_pb_text admin_label=&#8221;Text&#8221; background_layout=&#8221;dark&#8221; text_orientation=&#8221;left&#8221; module_class=&#8221;legende-menthe&#8221;]Menthe poivr\u00e9e &#8211; Action Fraicheur[\/et_pb_text][\/et_pb_column][et_pb_column type=&#8221;1_3&#8243;][et_pb_text admin_label=&#8221;Text&#8221; background_layout=&#8221;dark&#8221; text_orientation=&#8221;left&#8221; module_class=&#8221;titre-sauge&#8221;]<\/p>\n<h3>Spray d\u00e9odorant<\/h3>\n<h4>\u00c0 l\u2019Eau de Sauge BIO<\/h4>\n<p>[\/et_pb_text][et_pb_image admin_label=&#8221;Image&#8221; src=&#8221;http:\/\/www.aluna-cosmetics.com\/wp-content\/uploads\/2014\/11\/ALUNA-Spray-sauge-dune-nuit-dete-Spray-D\u00e9odorant-BIO-e1415273034780.jpg&#8221; show_in_lightbox=&#8221;on&#8221; url_new_window=&#8221;off&#8221; animation=&#8221;left&#8221; sticky=&#8221;off&#8221; alt=&#8221;SAUGE D\u2019UNE NUIT D\u2019\u00c9T\u00c9&#8221; title_text=&#8221;SAUGE D\u2019UNE NUIT D\u2019\u00c9T\u00c9&#8221; \/][et_pb_text admin_label=&#8221;Text&#8221; background_layout=&#8221;light&#8221; text_orientation=&#8221;left&#8221; module_class=&#8221;.gallerie-sauge&#8221;]<\/p>\n<h3 style=\"text-align: center;\">Sauge d\u2019une Nuit d\u2019\u00e9t\u00e9<\/h3>\n<p style=\"text-align: center;\">D\u00e9odorant Spray 100ml<br \/>\nEau de Sauge et Aloe Vera BIO<br \/>\nPulv\u00e9risateur sans gaz<\/p>\n<p style=\"text-align: center;\"><a href=\"http:\/\/www.aluna-cosmetics.com\/wp-content\/uploads\/2014\/10\/Logo-TrimanHD3028.jpg\"><img loading=\"lazy\" decoding=\"async\" class=\"alignright size-full wp-image-531\" src=\"http:\/\/www.aluna-cosmetics.com\/wp-content\/uploads\/2014\/10\/Logo-TrimanHD3028.jpg\" alt=\"Logo TrimanHD3028\" width=\"30\" height=\"28\" \/><\/a><\/p>\n<p>[\/et_pb_text][et_pb_text admin_label=&#8221;Text&#8221; background_layout=&#8221;dark&#8221; text_orientation=&#8221;left&#8221; module_class=&#8221;legende-sauge&#8221;]Eau de sauge &#8211; R\u00e9gulation renforc\u00e9e[\/et_pb_text][\/et_pb_column][\/et_pb_row][\/et_pb_section]<\/p>\n","protected":false},"excerpt":{"rendered":"<p><div class=\"et_pb_row et_pb_row_0 et_pb_row_empty\">\n\t\t\t\t\n\t\t\t\t\n\t\t\t\t\n\t\t\t\t\n\t\t\t\t\n\t\t\t<\/div>NOS SPRAYS D\u00c9ODORANTS SONT TOUS CERTIFIES PAR ECOCERT ET LABELLISES PAR COSMEBIO. CET ENGAGEMENT REFL\u00c8TE LA PHILOSOPHIE ALUNA : UTILISEZ AU MIEUX LES RESSOURCES NATURELLES CONNUES DE LONGUES DATES, TOUT EN PR\u00c9SERVANT LEUR P\u00c9RENNIT\u00c9. L\u2019ACTION DE R\u00c9GULATION DE LA TRANSPIRATION DE LA PIERRE D\u2019ALUN EST AINSI RENFORC\u00c9E PAR L\u2019EMPLOI INGR\u00c9DIENTS V\u00c9G\u00c9TAUX NATURELS : ROSE, MENTHE, [&hellip;]<\/p>\n","protected":false},"author":4,"featured_media":0,"parent":0,"menu_order":0,"comment_status":"closed","ping_status":"closed","template":"","meta":{"_et_pb_use_builder":"on","_et_pb_old_content":"","_et_gb_content_width":"","footnotes":""},"_links":{"self":[{"href":"http:\/\/www.aluna-cosmetics.com\/en\/wp-json\/wp\/v2\/pages\/828"}],"collection":[{"href":"http:\/\/www.aluna-cosmetics.com\/en\/wp-json\/wp\/v2\/pages"}],"about":[{"href":"http:\/\/www.aluna-cosmetics.com\/en\/wp-json\/wp\/v2\/types\/page"}],"author":[{"embeddable":true,"href":"http:\/\/www.aluna-cosmetics.com\/en\/wp-json\/wp\/v2\/users\/4"}],"replies":[{"embeddable":true,"href":"http:\/\/www.aluna-cosmetics.com\/en\/wp-json\/wp\/v2\/comments?post=828"}],"version-history":[{"count":1,"href":"http:\/\/www.aluna-cosmetics.com\/en\/wp-json\/wp\/v2\/pages\/828\/revisions"}],"predecessor-version":[{"id":837,"href":"http:\/\/www.aluna-cosmetics.com\/en\/wp-json\/wp\/v2\/pages\/828\/revisions\/837"}],"wp:attachment":[{"href":"http:\/\/www.aluna-cosmetics.com\/en\/wp-json\/wp\/v2\/media?parent=828"}],"curies":[{"name":"wp","href":"https:\/\/api.w.org\/{rel}","templated":true}]}}