{"id":848,"date":"2016-09-08T10:23:59","date_gmt":"2016-09-08T09:23:59","guid":{"rendered":"http:\/\/www.aluna-cosmetics.com\/es\/?page_id=848"},"modified":"2016-09-09T14:58:03","modified_gmt":"2016-09-09T13:58:03","slug":"inicio","status":"publish","type":"page","link":"http:\/\/www.aluna-cosmetics.com\/es\/","title":{"rendered":"Inicio"},"content":{"rendered":"<p>[et_pb_section fullwidth=\u00bbon\u00bb specialty=\u00bboff\u00bb background_image=\u00bbhttp:\/\/www.aluna-cosmetics.com\/wp-content\/uploads\/2014\/10\/Photogammeseule.jpg\u00bb transparent_background=\u00bboff\u00bb background_color=\u00bb#ffffff\u00bb inner_shadow=\u00bboff\u00bb parallax=\u00bboff\u00bb parallax_method=\u00bboff\u00bb][et_pb_fullwidth_slider admin_label=\u00bbFullwidth Slider\u00bb show_arrows=\u00bboff\u00bb show_pagination=\u00bboff\u00bb auto=\u00bboff\u00bb parallax=\u00bboff\u00bb parallax_method=\u00bboff\u00bb][et_pb_slide heading=\u00bbEntre en la cosm\u00e9tica responsable\u00bb background_image=\u00bbhttp:\/\/www.aluna-cosmetics.com\/wp-content\/uploads\/2014\/10\/Photogammeseule.jpg\u00bb background_color=\u00bb#ffffff\u00bb alignment=\u00bbcenter\u00bb background_layout=\u00bblight\u00bb \/][et_pb_slide background_image=\u00bbhttp:\/\/www.aluna-cosmetics.com\/wp-content\/uploads\/2014\/10\/Photogammeseule.jpg\u00bb background_color=\u00bb#ffffff\u00bb alignment=\u00bbcenter\u00bb background_layout=\u00bbdark\u00bb \/][\/et_pb_fullwidth_slider][\/et_pb_section][et_pb_section fullwidth=\u00bboff\u00bb specialty=\u00bbon\u00bb][et_pb_column type=\u00bb1_3&#8243;][et_pb_image admin_label=\u00bbImage\u00bb src=\u00bbhttp:\/\/www.aluna-cosmetics.com\/wp-content\/uploads\/2014\/10\/bandeaux-couleur.jpg\u00bb show_in_lightbox=\u00bboff\u00bb url_new_window=\u00bboff\u00bb animation=\u00bbleft\u00bb sticky=\u00bboff\u00bb \/][\/et_pb_column][et_pb_column type=\u00bb2_3&#8243; specialty_columns=\u00bb2&#8243;][et_pb_row_inner][et_pb_column_inner type=\u00bb4_4&#8243;][et_pb_text admin_label=\u00bbText\u00bb background_layout=\u00bblight\u00bb text_orientation=\u00bbleft\u00bb]<\/p>\n<h1>Entre en la cosm\u00e9tica responsable<\/h1>\n<p>[\/et_pb_text][\/et_pb_column_inner][\/et_pb_row_inner][et_pb_row_inner][et_pb_column_inner type=\u00bb1_2&#8243;][et_pb_text admin_label=\u00bbText\u00bb background_layout=\u00bblight\u00bb text_orientation=\u00bbleft\u00bb]Depuis plus de 50 ans notre laboratoire est un acteur de la cosme\u0301tique naturelle.<br \/>\nDernier fa\u00e7onnier fran\u00e7ais de Pierres d&#8217;alun et pionnier de la cosm\u00e9tique naturelle depuis 1957, fort d\u2019un savoir-faire unique, nous portons un souci tout particulier a\u0300 l\u2019e\u0301laboration de nos formules. Des ingre\u0301dients naturels, efficaces, pour un confort d\u2019utilisation en pre\u0301servant le respect de votre corps.<br \/>\nLors de la reprise de la socie\u0301te\u0301, Alexandre et Romain, ont de\u0301veloppe\u0301 une gamme comple\u0300te de produits.[\/et_pb_text][\/et_pb_column_inner][et_pb_column_inner type=\u00bb1_2&#8243;][et_pb_text admin_label=\u00bbText\u00bb background_layout=\u00bblight\u00bb text_orientation=\u00bbleft\u00bb]<\/p>\n<ul>\n<li>Bienfaits d\u2019ingre\u0301dients ve\u0301ge\u0301taux et mine\u0301raux naturels.<\/li>\n<li>Savoir-faire ancestraux.<\/li>\n<li>Reflet de notre engagement e\u0301cologique et social.<\/li>\n<li>Ingre\u0301dients ve\u0301ge\u0301taux sont issus d\u2019une agriculture biologique raisonne\u0301e.<\/li>\n<\/ul>\n<p>[\/et_pb_text][\/et_pb_column_inner][\/et_pb_row_inner][\/et_pb_column][\/et_pb_section][et_pb_section fullwidth=\u00bboff\u00bb specialty=\u00bboff\u00bb][et_pb_row][et_pb_column type=\u00bb4_4&#8243;][et_pb_text admin_label=\u00bbText\u00bb background_layout=\u00bblight\u00bb text_orientation=\u00bbleft\u00bb module_class=\u00bbtitre-derniers-articles\u00bb]<\/p>\n<h1>\u00daltimos art\u00edculos<\/h1>\n<p>[\/et_pb_text][\/et_pb_column][\/et_pb_row][et_pb_row][et_pb_column type=\u00bb4_4&#8243;][et_pb_blog admin_label=\u00bbBlog\u00bb fullwidth=\u00bbon\u00bb posts_number=\u00bb2&#8243; meta_date=\u00bbj M, Y\u00bb show_thumbnail=\u00bboff\u00bb show_content=\u00bboff\u00bb show_more=\u00bbon\u00bb show_author=\u00bboff\u00bb show_date=\u00bbon\u00bb show_categories=\u00bboff\u00bb show_pagination=\u00bboff\u00bb background_layout=\u00bblight\u00bb module_class=\u00bbposts-home\u00bb \/][\/et_pb_column][\/et_pb_row][\/et_pb_section]<\/p>\n","protected":false},"excerpt":{"rendered":"<p>Entre en la cosm\u00e9tica responsable Depuis plus de 50 ans notre laboratoire est un acteur de la cosme\u0301tique naturelle. Dernier fa\u00e7onnier fran\u00e7ais de Pierres d&#8217;alun et pionnier de la cosm\u00e9tique naturelle depuis 1957, fort d\u2019un savoir-faire unique, nous portons un souci tout particulier a\u0300 l\u2019e\u0301laboration de nos formules. Des ingre\u0301dients naturels, efficaces, pour un confort [&hellip;]<\/p>\n","protected":false},"author":4,"featured_media":0,"parent":0,"menu_order":0,"comment_status":"closed","ping_status":"closed","template":"","meta":{"_et_pb_use_builder":"on","_et_pb_old_content":"","_et_gb_content_width":"","footnotes":""},"_links":{"self":[{"href":"http:\/\/www.aluna-cosmetics.com\/es\/wp-json\/wp\/v2\/pages\/848"}],"collection":[{"href":"http:\/\/www.aluna-cosmetics.com\/es\/wp-json\/wp\/v2\/pages"}],"about":[{"href":"http:\/\/www.aluna-cosmetics.com\/es\/wp-json\/wp\/v2\/types\/page"}],"author":[{"embeddable":true,"href":"http:\/\/www.aluna-cosmetics.com\/es\/wp-json\/wp\/v2\/users\/4"}],"replies":[{"embeddable":true,"href":"http:\/\/www.aluna-cosmetics.com\/es\/wp-json\/wp\/v2\/comments?post=848"}],"version-history":[{"count":5,"href":"http:\/\/www.aluna-cosmetics.com\/es\/wp-json\/wp\/v2\/pages\/848\/revisions"}],"predecessor-version":[{"id":882,"href":"http:\/\/www.aluna-cosmetics.com\/es\/wp-json\/wp\/v2\/pages\/848\/revisions\/882"}],"wp:attachment":[{"href":"http:\/\/www.aluna-cosmetics.com\/es\/wp-json\/wp\/v2\/media?parent=848"}],"curies":[{"name":"wp","href":"https:\/\/api.w.org\/{rel}","templated":true}]}}