{"id":854,"date":"2016-09-08T10:24:41","date_gmt":"2016-09-08T09:24:41","guid":{"rendered":"http:\/\/www.aluna-cosmetics.com\/es\/?page_id=854"},"modified":"2016-09-08T10:24:41","modified_gmt":"2016-09-08T09:24:41","slug":"cuidado-de-los-pies","status":"publish","type":"page","link":"http:\/\/www.aluna-cosmetics.com\/es\/cuidado-de-los-pies\/","title":{"rendered":"Cuidado de los pies"},"content":{"rendered":"<p>[et_pb_section fullwidth=\u00bbon\u00bb specialty=\u00bboff\u00bb inner_shadow=\u00bboff\u00bb parallax=\u00bboff\u00bb background_color=\u00bb#ffffff\u00bb transparent_background=\u00bboff\u00bb parallax_method=\u00bboff\u00bb module_class=\u00bbtitres-page\u00bb][et_pb_fullwidth_header admin_label=\u00bbFullwidth Header\u00bb title=\u00bbSoin des pieds\u00bb background_layout=\u00bblight\u00bb text_orientation=\u00bbleft\u00bb \/][\/et_pb_section][et_pb_section fullwidth=\u00bboff\u00bb specialty=\u00bboff\u00bb][et_pb_row][et_pb_column type=\u00bb1_2&#8243;][et_pb_text admin_label=\u00bbText\u00bb background_layout=\u00bblight\u00bb text_orientation=\u00bbleft\u00bb]SOUVENT OUBLIES, PEU SOIGNES, NOS PIEDS MERITENT POURTANT LA PLUS GRANDE ATTENTION.<br \/>\nEN CONTACT DIRECT AVEC NOTRE TERRE NOURRICIERE, ILS SONT<br \/>\nSOUMIS A DE RUDES EPREUVES.<br \/>\nENSERRES DANS NOS CHAUSSURES, NOS PIEDS ONT BESOIN DE<br \/>\nPROTECTION ET DE SOIN.<br \/>\nNOTRE POUDRE COMPOSE DE TALC DE LUZENAC ET DE POUDRE D\u2019ALUN, LUTTERA CONTRE L\u2019HUMIDITE, TERREAU DES DEVELOPPEMENTS MICROBIENS, TOUT EN LIMITANT L\u2019APPARITION DES BACTERIES RESPONSABLES DES MAUVAISES ODEURS.<br \/>\nNOTRE POUDRE PEUT S\u2019 APPLIQUER AU CONTACT DE LA PEAU (PIEDS, MAINS, AISSELLES&#8230;) OU DIRECTEMENT DANS VOS CHAUSSURES.<br \/>\nNOTRE FLUIDE COMPOSES D\u2019HUILES ESSENTIELLES APPORTERA LE SOIN NECESSAIRE A VOS PIEDS FATIGUES ET AGRESSES.<br \/>\nAPPLIQUER EN MASSAGE, LA SENSATION DE FRAICHEUR SERA IMMEDIATE.<\/p>\n<p><a href=\"http:\/\/www.aluna-cosmetics.com\/wp-content\/uploads\/2014\/10\/FABRICATIONFRANCAISEbleublancrouge.jpg\"><img loading=\"lazy\" decoding=\"async\" class=\"alignright size-full wp-image-529\" src=\"http:\/\/www.aluna-cosmetics.com\/wp-content\/uploads\/2014\/10\/FABRICATIONFRANCAISEbleublancrouge.jpg\" alt=\"FABRICATIONFRANCAISEbleublancrouge\" width=\"165\" height=\"111\" \/><\/a>[\/et_pb_text][\/et_pb_column][et_pb_column type=\u00bb1_2&#8243;][et_pb_image admin_label=\u00bbImage\u00bb src=\u00bbhttp:\/\/www.aluna-cosmetics.com\/wp-content\/uploads\/2014\/10\/soinpied.jpg\u00bb show_in_lightbox=\u00bbon\u00bb url_new_window=\u00bboff\u00bb animation=\u00bbleft\u00bb sticky=\u00bboff\u00bb \/][\/et_pb_column][\/et_pb_row][\/et_pb_section][et_pb_section fullwidth=\u00bboff\u00bb specialty=\u00bboff\u00bb transparent_background=\u00bboff\u00bb background_color=\u00bb#ffffff\u00bb inner_shadow=\u00bboff\u00bb parallax=\u00bboff\u00bb parallax_method=\u00bboff\u00bb module_class=\u00bbproduits\u00bb][et_pb_row][et_pb_column type=\u00bb1_3&#8243;][et_pb_text admin_label=\u00bbText\u00bb background_layout=\u00bbdark\u00bb text_orientation=\u00bbleft\u00bb module_class=\u00bbtitre-alun\u00bb]<\/p>\n<h3>Poudre d\u2019Alun et Talc de Luzenac \u2013 Produit 100% Naturel<\/h3>\n<h4>Absorbe l\u2019humidit\u00e9<\/h4>\n<p>[\/et_pb_text][et_pb_image admin_label=\u00bbImage\u00bb src=\u00bbhttp:\/\/www.aluna-cosmetics.com\/wp-content\/uploads\/2014\/11\/ALUNA-Poudre-Soyons-soyeux-D\u00e9odorant-pieds-e1415273163917.jpg\u00bb show_in_lightbox=\u00bbon\u00bb url_new_window=\u00bboff\u00bb animation=\u00bbleft\u00bb sticky=\u00bboff\u00bb alt=\u00bbPOUDRE SOYONS SOYEUX\u00bb title_text=\u00bbPOUDRE SOYONS SOYEUX\u00bb \/][et_pb_text admin_label=\u00bbText\u00bb background_layout=\u00bblight\u00bb text_orientation=\u00bbleft\u00bb module_class=\u00bbgallerie-alun\u00bb]<\/p>\n<h3 style=\"text-align: center;\">Poudre Soyons soyeux<\/h3>\n<p style=\"text-align: center;\">Poudre 100g<br \/>\nFormule 100% Min\u00e9rale<br \/>\nUtilisation Pieds et Mains<\/p>\n<p><img loading=\"lazy\" decoding=\"async\" class=\"alignright size-full wp-image-531\" src=\"http:\/\/www.aluna-cosmetics.com\/wp-content\/uploads\/2014\/10\/Logo-TrimanHD3028.jpg\" alt=\"Logo TrimanHD3028\" width=\"30\" height=\"28\" \/><\/p>\n<p>[\/et_pb_text][et_pb_text admin_label=\u00bbText\u00bb background_layout=\u00bbdark\u00bb text_orientation=\u00bbleft\u00bb module_class=\u00bblegende-alun\u00bb]100% min\u00e9ral Absorbe l\u2019humidit\u00e9 et lutte contre les odeurs[\/et_pb_text][\/et_pb_column][et_pb_column type=\u00bb1_3&#8243;][et_pb_text admin_label=\u00bbText\u00bb background_layout=\u00bbdark\u00bb text_orientation=\u00bbleft\u00bb module_class=\u00bbtitre-lavande\u00bb]<\/p>\n<h3>Fluide pieds \u2013 Huiles essentielles et extraits de plantes<\/h3>\n<h4>Propri\u00e9t\u00e9s antibact\u00e9riennes<\/h4>\n<p>[\/et_pb_text][et_pb_image admin_label=\u00bbImage\u00bb src=\u00bbhttp:\/\/www.aluna-cosmetics.com\/wp-content\/uploads\/2014\/10\/ALUNA-Fluide-Pieds.jpg\u00bb alt=\u00bbCR\u00c8ME PIEDS MES PIEDS EN PROVENCE\u00bb title_text=\u00bbCR\u00c8ME PIEDS MES PIEDS EN PROVENCE\u00bb show_in_lightbox=\u00bbon\u00bb url_new_window=\u00bboff\u00bb animation=\u00bbleft\u00bb sticky=\u00bboff\u00bb \/][et_pb_text admin_label=\u00bbText\u00bb background_layout=\u00bblight\u00bb text_orientation=\u00bbleft\u00bb module_class=\u00bbgallerie-lavande\u00bb]<\/p>\n<h3 style=\"text-align: center;\">Cr\u00e8me pieds Mes Pieds en Provence<\/h3>\n<p style=\"text-align: center;\">Fluide Pieds 60ml<br \/>\nRiche en Huiles Essentielles<br \/>\nSensation Pieds l\u00e9gers<\/p>\n<p><img loading=\"lazy\" decoding=\"async\" class=\"alignright size-full wp-image-531\" src=\"http:\/\/www.aluna-cosmetics.com\/wp-content\/uploads\/2014\/10\/Logo-TrimanHD3028.jpg\" alt=\"Logo TrimanHD3028\" width=\"30\" height=\"28\" \/><\/p>\n<p>[\/et_pb_text][et_pb_text admin_label=\u00bbText\u00bb background_layout=\u00bbdark\u00bb text_orientation=\u00bbleft\u00bb module_class=\u00bblegende-lavande\u00bb]Lutte contre la fatigue et les odeurs[\/et_pb_text][\/et_pb_column][et_pb_column type=\u00bb1_3&#8243;][\/et_pb_column][\/et_pb_row][\/et_pb_section]<\/p>\n","protected":false},"excerpt":{"rendered":"<p><div class=\"et_pb_row et_pb_row_0 et_pb_row_empty\">\n\t\t\t\t\n\t\t\t\t\n\t\t\t\t\n\t\t\t\t\n\t\t\t\t\n\t\t\t<\/div>SOUVENT OUBLIES, PEU SOIGNES, NOS PIEDS MERITENT POURTANT LA PLUS GRANDE ATTENTION. EN CONTACT DIRECT AVEC NOTRE TERRE NOURRICIERE, ILS SONT SOUMIS A DE RUDES EPREUVES. ENSERRES DANS NOS CHAUSSURES, NOS PIEDS ONT BESOIN DE PROTECTION ET DE SOIN. NOTRE POUDRE COMPOSE DE TALC DE LUZENAC ET DE POUDRE D\u2019ALUN, LUTTERA CONTRE L\u2019HUMIDITE, TERREAU DES [&hellip;]<\/p>\n","protected":false},"author":4,"featured_media":0,"parent":0,"menu_order":0,"comment_status":"closed","ping_status":"closed","template":"","meta":{"_et_pb_use_builder":"on","_et_pb_old_content":"","_et_gb_content_width":"","footnotes":""},"_links":{"self":[{"href":"http:\/\/www.aluna-cosmetics.com\/es\/wp-json\/wp\/v2\/pages\/854"}],"collection":[{"href":"http:\/\/www.aluna-cosmetics.com\/es\/wp-json\/wp\/v2\/pages"}],"about":[{"href":"http:\/\/www.aluna-cosmetics.com\/es\/wp-json\/wp\/v2\/types\/page"}],"author":[{"embeddable":true,"href":"http:\/\/www.aluna-cosmetics.com\/es\/wp-json\/wp\/v2\/users\/4"}],"replies":[{"embeddable":true,"href":"http:\/\/www.aluna-cosmetics.com\/es\/wp-json\/wp\/v2\/comments?post=854"}],"version-history":[{"count":1,"href":"http:\/\/www.aluna-cosmetics.com\/es\/wp-json\/wp\/v2\/pages\/854\/revisions"}],"predecessor-version":[{"id":860,"href":"http:\/\/www.aluna-cosmetics.com\/es\/wp-json\/wp\/v2\/pages\/854\/revisions\/860"}],"wp:attachment":[{"href":"http:\/\/www.aluna-cosmetics.com\/es\/wp-json\/wp\/v2\/media?parent=854"}],"curies":[{"name":"wp","href":"https:\/\/api.w.org\/{rel}","templated":true}]}}