{"id":856,"date":"2016-09-08T10:24:26","date_gmt":"2016-09-08T09:24:26","guid":{"rendered":"http:\/\/www.aluna-cosmetics.com\/es\/?page_id=856"},"modified":"2016-09-08T10:24:26","modified_gmt":"2016-09-08T09:24:26","slug":"desodorante-en-aerosol","status":"publish","type":"page","link":"http:\/\/www.aluna-cosmetics.com\/es\/desodorante-en-aerosol\/","title":{"rendered":"Desodorante en aerosol"},"content":{"rendered":"<p>[et_pb_section fullwidth=\u00bbon\u00bb specialty=\u00bboff\u00bb inner_shadow=\u00bboff\u00bb parallax=\u00bboff\u00bb background_color=\u00bb#ffffff\u00bb transparent_background=\u00bboff\u00bb parallax_method=\u00bboff\u00bb module_class=\u00bbtitres-page\u00bb][et_pb_fullwidth_header admin_label=\u00bbFullwidth Header\u00bb title=\u00bbSpray d\u00e9odorant\u00bb subhead=\u00bbBiologique\u00bb background_layout=\u00bblight\u00bb text_orientation=\u00bbleft\u00bb \/][\/et_pb_section][et_pb_section fullwidth=\u00bboff\u00bb specialty=\u00bboff\u00bb][et_pb_row][et_pb_column type=\u00bb1_2&#8243;][et_pb_text admin_label=\u00bbText\u00bb background_layout=\u00bblight\u00bb text_orientation=\u00bbleft\u00bb]NOS SPRAYS D\u00c9ODORANTS SONT TOUS CERTIFIES PAR ECOCERT ET LABELLISES PAR COSMEBIO.<br \/>\nCET ENGAGEMENT REFL\u00c8TE LA PHILOSOPHIE ALUNA : UTILISEZ AU MIEUX LES RESSOURCES NATURELLES CONNUES DE LONGUES DATES, TOUT EN PR\u00c9SERVANT LEUR P\u00c9RENNIT\u00c9.<br \/>\nL\u2019ACTION DE R\u00c9GULATION DE LA TRANSPIRATION DE LA PIERRE D\u2019ALUN EST AINSI RENFORC\u00c9E PAR L\u2019EMPLOI INGR\u00c9DIENTS V\u00c9G\u00c9TAUX NATURELS : ROSE, MENTHE, SAUGE.<br \/>\nSOUCIEUX DU CONFORT D&#8217;UTILISATION DE CHACUN, NOUS AVONS MIS AU POINT DES FORMULES CONCENTR\u00c9ES POUR UNE APPLICATION BRUME, EFFICACE ET ECONOMIQUE.<\/p>\n<p><a href=\"http:\/\/www.aluna-cosmetics.com\/wp-content\/uploads\/2014\/10\/FABRICATIONFRANCAISEbleublancrouge.jpg\"><img loading=\"lazy\" decoding=\"async\" class=\"alignright size-full wp-image-529\" src=\"http:\/\/www.aluna-cosmetics.com\/wp-content\/uploads\/2014\/10\/FABRICATIONFRANCAISEbleublancrouge.jpg\" alt=\"FABRICATIONFRANCAISEbleublancrouge\" width=\"165\" height=\"111\" \/><\/a>[\/et_pb_text][\/et_pb_column][et_pb_column type=\u00bb1_2&#8243;][et_pb_image admin_label=\u00bbImage\u00bb src=\u00bbhttp:\/\/www.aluna-cosmetics.com\/wp-content\/uploads\/2014\/10\/deodorant.jpg\u00bb show_in_lightbox=\u00bbon\u00bb url_new_window=\u00bboff\u00bb animation=\u00bbleft\u00bb sticky=\u00bboff\u00bb \/][\/et_pb_column][\/et_pb_row][\/et_pb_section][et_pb_section fullwidth=\u00bboff\u00bb specialty=\u00bboff\u00bb transparent_background=\u00bboff\u00bb background_color=\u00bb#ffffff\u00bb inner_shadow=\u00bboff\u00bb parallax=\u00bboff\u00bb parallax_method=\u00bboff\u00bb module_class=\u00bbproduits\u00bb][et_pb_row][et_pb_column type=\u00bb1_3&#8243;][et_pb_text admin_label=\u00bbText\u00bb background_layout=\u00bbdark\u00bb text_orientation=\u00bbleft\u00bb module_class=\u00bbtitre-rose\u00bb]<\/p>\n<h3>Spray d\u00e9odorant<\/h3>\n<h4>\u00c0 l\u2019Eau de Rose BIO<\/h4>\n<p>[\/et_pb_text][et_pb_image admin_label=\u00bbImage\u00bb src=\u00bbhttp:\/\/www.aluna-cosmetics.com\/wp-content\/uploads\/2014\/11\/ALUNA-Spray-Allons-Voir-si-Spray-D\u00e9odorant-BIO-e1415273122100.jpg\u00bb show_in_lightbox=\u00bbon\u00bb url_new_window=\u00bboff\u00bb animation=\u00bbleft\u00bb sticky=\u00bboff\u00bb alt=\u00bbALLONS VOIR SI\u00bb title_text=\u00bbALLONS VOIR SI\u00bb \/][et_pb_text admin_label=\u00bbText\u00bb background_layout=\u00bblight\u00bb text_orientation=\u00bbleft\u00bb module_class=\u00bbgallerie-rose\u00bb]<\/p>\n<h3 style=\"text-align: center;\">Allons Voir Si<\/h3>\n<p style=\"text-align: center;\">D\u00e9odorant spray 100ml<br \/>\nEau de Rose et Aloe Vera BIO<br \/>\nPulv\u00e9risateur sans gaz<\/p>\n<p style=\"text-align: center;\"><a href=\"http:\/\/www.aluna-cosmetics.com\/wp-content\/uploads\/2014\/10\/Logo-TrimanHD3028.jpg\"><img loading=\"lazy\" decoding=\"async\" class=\"alignright size-full wp-image-531\" src=\"http:\/\/www.aluna-cosmetics.com\/wp-content\/uploads\/2014\/10\/Logo-TrimanHD3028.jpg\" alt=\"Logo TrimanHD3028\" width=\"30\" height=\"28\" \/><\/a><\/p>\n<p>[\/et_pb_text][et_pb_text admin_label=\u00bbText\u00bb background_layout=\u00bbdark\u00bb text_orientation=\u00bbleft\u00bb module_class=\u00bblegende-rose\u00bb]Rose de Damas &#8211; Action apaisante[\/et_pb_text][\/et_pb_column][et_pb_column type=\u00bb1_3&#8243;][et_pb_text admin_label=\u00bbText\u00bb background_layout=\u00bbdark\u00bb text_orientation=\u00bbleft\u00bb module_class=\u00bbtitre-menthe\u00bb]<\/p>\n<h3>Spray d\u00e9odorant<\/h3>\n<h4>\u00c0 la Menthe Poivr\u00e9e BIO<\/h4>\n<p>[\/et_pb_text][et_pb_image admin_label=\u00bbImage\u00bb src=\u00bbhttp:\/\/www.aluna-cosmetics.com\/wp-content\/uploads\/2014\/11\/ALUNA-Spray-menthe-Hello-Spray-D\u00e9odorant-BIO-e1415273196332.jpg\u00bb show_in_lightbox=\u00bbon\u00bb url_new_window=\u00bboff\u00bb animation=\u00bbleft\u00bb sticky=\u00bboff\u00bb alt=\u00bbMENTHE HELLO\u00bb title_text=\u00bbMENTHE HELLO\u00bb \/][et_pb_text admin_label=\u00bbText\u00bb background_layout=\u00bblight\u00bb text_orientation=\u00bbleft\u00bb module_class=\u00bbgallerie-menthe \u00ab]<\/p>\n<h3 style=\"text-align: center;\">Menthe Hello<\/h3>\n<p style=\"text-align: center;\">Menthe Hello<br \/>\nMenthe poivr\u00e9e et Aloe Vera BIO<br \/>\nPulv\u00e9risateur sans gaz<\/p>\n<p style=\"text-align: center;\"><a href=\"http:\/\/www.aluna-cosmetics.com\/wp-content\/uploads\/2014\/10\/Logo-TrimanHD3028.jpg\"><img loading=\"lazy\" decoding=\"async\" class=\"alignright size-full wp-image-531\" src=\"http:\/\/www.aluna-cosmetics.com\/wp-content\/uploads\/2014\/10\/Logo-TrimanHD3028.jpg\" alt=\"Logo TrimanHD3028\" width=\"30\" height=\"28\" \/><\/a><\/p>\n<p>[\/et_pb_text][et_pb_text admin_label=\u00bbText\u00bb background_layout=\u00bbdark\u00bb text_orientation=\u00bbleft\u00bb module_class=\u00bblegende-menthe\u00bb]Menthe poivr\u00e9e &#8211; Action Fraicheur[\/et_pb_text][\/et_pb_column][et_pb_column type=\u00bb1_3&#8243;][et_pb_text admin_label=\u00bbText\u00bb background_layout=\u00bbdark\u00bb text_orientation=\u00bbleft\u00bb module_class=\u00bbtitre-sauge\u00bb]<\/p>\n<h3>Spray d\u00e9odorant<\/h3>\n<h4>\u00c0 l\u2019Eau de Sauge BIO<\/h4>\n<p>[\/et_pb_text][et_pb_image admin_label=\u00bbImage\u00bb src=\u00bbhttp:\/\/www.aluna-cosmetics.com\/wp-content\/uploads\/2014\/11\/ALUNA-Spray-sauge-dune-nuit-dete-Spray-D\u00e9odorant-BIO-e1415273034780.jpg\u00bb show_in_lightbox=\u00bbon\u00bb url_new_window=\u00bboff\u00bb animation=\u00bbleft\u00bb sticky=\u00bboff\u00bb alt=\u00bbSAUGE D\u2019UNE NUIT D\u2019\u00c9T\u00c9\u00bb title_text=\u00bbSAUGE D\u2019UNE NUIT D\u2019\u00c9T\u00c9\u00bb \/][et_pb_text admin_label=\u00bbText\u00bb background_layout=\u00bblight\u00bb text_orientation=\u00bbleft\u00bb module_class=\u00bb.gallerie-sauge\u00bb]<\/p>\n<h3 style=\"text-align: center;\">Sauge d\u2019une Nuit d\u2019\u00e9t\u00e9<\/h3>\n<p style=\"text-align: center;\">D\u00e9odorant Spray 100ml<br \/>\nEau de Sauge et Aloe Vera BIO<br \/>\nPulv\u00e9risateur sans gaz<\/p>\n<p style=\"text-align: center;\"><a href=\"http:\/\/www.aluna-cosmetics.com\/wp-content\/uploads\/2014\/10\/Logo-TrimanHD3028.jpg\"><img loading=\"lazy\" decoding=\"async\" class=\"alignright size-full wp-image-531\" src=\"http:\/\/www.aluna-cosmetics.com\/wp-content\/uploads\/2014\/10\/Logo-TrimanHD3028.jpg\" alt=\"Logo TrimanHD3028\" width=\"30\" height=\"28\" \/><\/a><\/p>\n<p>[\/et_pb_text][et_pb_text admin_label=\u00bbText\u00bb background_layout=\u00bbdark\u00bb text_orientation=\u00bbleft\u00bb module_class=\u00bblegende-sauge\u00bb]Eau de sauge &#8211; R\u00e9gulation renforc\u00e9e[\/et_pb_text][\/et_pb_column][\/et_pb_row][\/et_pb_section]<\/p>\n","protected":false},"excerpt":{"rendered":"<p><div class=\"et_pb_row et_pb_row_0 et_pb_row_empty\">\n\t\t\t\t\n\t\t\t\t\n\t\t\t\t\n\t\t\t\t\n\t\t\t\t\n\t\t\t<\/div>NOS SPRAYS D\u00c9ODORANTS SONT TOUS CERTIFIES PAR ECOCERT ET LABELLISES PAR COSMEBIO. CET ENGAGEMENT REFL\u00c8TE LA PHILOSOPHIE ALUNA : UTILISEZ AU MIEUX LES RESSOURCES NATURELLES CONNUES DE LONGUES DATES, TOUT EN PR\u00c9SERVANT LEUR P\u00c9RENNIT\u00c9. L\u2019ACTION DE R\u00c9GULATION DE LA TRANSPIRATION DE LA PIERRE D\u2019ALUN EST AINSI RENFORC\u00c9E PAR L\u2019EMPLOI INGR\u00c9DIENTS V\u00c9G\u00c9TAUX NATURELS : ROSE, MENTHE, [&hellip;]<\/p>\n","protected":false},"author":4,"featured_media":0,"parent":0,"menu_order":0,"comment_status":"closed","ping_status":"closed","template":"","meta":{"_et_pb_use_builder":"on","_et_pb_old_content":"","_et_gb_content_width":"","footnotes":""},"_links":{"self":[{"href":"http:\/\/www.aluna-cosmetics.com\/es\/wp-json\/wp\/v2\/pages\/856"}],"collection":[{"href":"http:\/\/www.aluna-cosmetics.com\/es\/wp-json\/wp\/v2\/pages"}],"about":[{"href":"http:\/\/www.aluna-cosmetics.com\/es\/wp-json\/wp\/v2\/types\/page"}],"author":[{"embeddable":true,"href":"http:\/\/www.aluna-cosmetics.com\/es\/wp-json\/wp\/v2\/users\/4"}],"replies":[{"embeddable":true,"href":"http:\/\/www.aluna-cosmetics.com\/es\/wp-json\/wp\/v2\/comments?post=856"}],"version-history":[{"count":1,"href":"http:\/\/www.aluna-cosmetics.com\/es\/wp-json\/wp\/v2\/pages\/856\/revisions"}],"predecessor-version":[{"id":858,"href":"http:\/\/www.aluna-cosmetics.com\/es\/wp-json\/wp\/v2\/pages\/856\/revisions\/858"}],"wp:attachment":[{"href":"http:\/\/www.aluna-cosmetics.com\/es\/wp-json\/wp\/v2\/media?parent=856"}],"curies":[{"name":"wp","href":"https:\/\/api.w.org\/{rel}","templated":true}]}}