{"id":826,"date":"2016-09-08T10:20:25","date_gmt":"2016-09-08T09:20:25","guid":{"rendered":"http:\/\/www.aluna-cosmetics.com\/?page_id=826&#038;lang=en"},"modified":"2016-09-08T10:20:25","modified_gmt":"2016-09-08T09:20:25","slug":"foot-care","status":"publish","type":"page","link":"https:\/\/www.aluna-cosmetics.com\/en\/foot-care\/","title":{"rendered":"Foot care"},"content":{"rendered":"<p>[et_pb_section fullwidth=&#8221;on&#8221; specialty=&#8221;off&#8221; inner_shadow=&#8221;off&#8221; parallax=&#8221;off&#8221; background_color=&#8221;#ffffff&#8221; transparent_background=&#8221;off&#8221; parallax_method=&#8221;off&#8221; module_class=&#8221;titres-page&#8221;][et_pb_fullwidth_header admin_label=&#8221;Fullwidth Header&#8221; title=&#8221;Soin des pieds&#8221; background_layout=&#8221;light&#8221; text_orientation=&#8221;left&#8221; \/][\/et_pb_section][et_pb_section fullwidth=&#8221;off&#8221; specialty=&#8221;off&#8221;][et_pb_row][et_pb_column type=&#8221;1_2&#8243;][et_pb_text admin_label=&#8221;Text&#8221; background_layout=&#8221;light&#8221; text_orientation=&#8221;left&#8221;]SOUVENT OUBLIES, PEU SOIGNES, NOS PIEDS MERITENT POURTANT LA PLUS GRANDE ATTENTION.<br \/>\nEN CONTACT DIRECT AVEC NOTRE TERRE NOURRICIERE, ILS SONT<br \/>\nSOUMIS A DE RUDES EPREUVES.<br \/>\nENSERRES DANS NOS CHAUSSURES, NOS PIEDS ONT BESOIN DE<br \/>\nPROTECTION ET DE SOIN.<br \/>\nNOTRE POUDRE COMPOSE DE TALC DE LUZENAC ET DE POUDRE D\u2019ALUN, LUTTERA CONTRE L\u2019HUMIDITE, TERREAU DES DEVELOPPEMENTS MICROBIENS, TOUT EN LIMITANT L\u2019APPARITION DES BACTERIES RESPONSABLES DES MAUVAISES ODEURS.<br \/>\nNOTRE POUDRE PEUT S\u2019 APPLIQUER AU CONTACT DE LA PEAU (PIEDS, MAINS, AISSELLES&#8230;) OU DIRECTEMENT DANS VOS CHAUSSURES.<br \/>\nNOTRE FLUIDE COMPOSES D\u2019HUILES ESSENTIELLES APPORTERA LE SOIN NECESSAIRE A VOS PIEDS FATIGUES ET AGRESSES.<br \/>\nAPPLIQUER EN MASSAGE, LA SENSATION DE FRAICHEUR SERA IMMEDIATE.<\/p>\n<p><a href=\"http:\/\/www.aluna-cosmetics.com\/wp-content\/uploads\/2014\/10\/FABRICATIONFRANCAISEbleublancrouge.jpg\"><img loading=\"lazy\" decoding=\"async\" class=\"alignright size-full wp-image-529\" src=\"http:\/\/www.aluna-cosmetics.com\/wp-content\/uploads\/2014\/10\/FABRICATIONFRANCAISEbleublancrouge.jpg\" alt=\"FABRICATIONFRANCAISEbleublancrouge\" width=\"165\" height=\"111\" \/><\/a>[\/et_pb_text][\/et_pb_column][et_pb_column type=&#8221;1_2&#8243;][et_pb_image admin_label=&#8221;Image&#8221; src=&#8221;http:\/\/www.aluna-cosmetics.com\/wp-content\/uploads\/2014\/10\/soinpied.jpg&#8221; show_in_lightbox=&#8221;on&#8221; url_new_window=&#8221;off&#8221; animation=&#8221;left&#8221; sticky=&#8221;off&#8221; \/][\/et_pb_column][\/et_pb_row][\/et_pb_section][et_pb_section fullwidth=&#8221;off&#8221; specialty=&#8221;off&#8221; transparent_background=&#8221;off&#8221; background_color=&#8221;#ffffff&#8221; inner_shadow=&#8221;off&#8221; parallax=&#8221;off&#8221; parallax_method=&#8221;off&#8221; module_class=&#8221;produits&#8221;][et_pb_row][et_pb_column type=&#8221;1_3&#8243;][et_pb_text admin_label=&#8221;Text&#8221; background_layout=&#8221;dark&#8221; text_orientation=&#8221;left&#8221; module_class=&#8221;titre-alun&#8221;]<\/p>\n<h3>Poudre d\u2019Alun et Talc de Luzenac \u2013 Produit 100% Naturel<\/h3>\n<h4>Absorbe l\u2019humidit\u00e9<\/h4>\n<p>[\/et_pb_text][et_pb_image admin_label=&#8221;Image&#8221; src=&#8221;http:\/\/www.aluna-cosmetics.com\/wp-content\/uploads\/2014\/11\/ALUNA-Poudre-Soyons-soyeux-D\u00e9odorant-pieds-e1415273163917.jpg&#8221; show_in_lightbox=&#8221;on&#8221; url_new_window=&#8221;off&#8221; animation=&#8221;left&#8221; sticky=&#8221;off&#8221; alt=&#8221;POUDRE SOYONS SOYEUX&#8221; title_text=&#8221;POUDRE SOYONS SOYEUX&#8221; \/][et_pb_text admin_label=&#8221;Text&#8221; background_layout=&#8221;light&#8221; text_orientation=&#8221;left&#8221; module_class=&#8221;gallerie-alun&#8221;]<\/p>\n<h3 style=\"text-align: center;\">Poudre Soyons soyeux<\/h3>\n<p style=\"text-align: center;\">Poudre 100g<br \/>\nFormule 100% Min\u00e9rale<br \/>\nUtilisation Pieds et Mains<\/p>\n<p><img loading=\"lazy\" decoding=\"async\" class=\"alignright size-full wp-image-531\" src=\"http:\/\/www.aluna-cosmetics.com\/wp-content\/uploads\/2014\/10\/Logo-TrimanHD3028.jpg\" alt=\"Logo TrimanHD3028\" width=\"30\" height=\"28\" \/><\/p>\n<p>[\/et_pb_text][et_pb_text admin_label=&#8221;Text&#8221; background_layout=&#8221;dark&#8221; text_orientation=&#8221;left&#8221; module_class=&#8221;legende-alun&#8221;]100% min\u00e9ral Absorbe l\u2019humidit\u00e9 et lutte contre les odeurs[\/et_pb_text][\/et_pb_column][et_pb_column type=&#8221;1_3&#8243;][et_pb_text admin_label=&#8221;Text&#8221; background_layout=&#8221;dark&#8221; text_orientation=&#8221;left&#8221; module_class=&#8221;titre-lavande&#8221;]<\/p>\n<h3>Fluide pieds \u2013 Huiles essentielles et extraits de plantes<\/h3>\n<h4>Propri\u00e9t\u00e9s antibact\u00e9riennes<\/h4>\n<p>[\/et_pb_text][et_pb_image admin_label=&#8221;Image&#8221; src=&#8221;http:\/\/www.aluna-cosmetics.com\/wp-content\/uploads\/2014\/10\/ALUNA-Fluide-Pieds.jpg&#8221; alt=&#8221;CR\u00c8ME PIEDS MES PIEDS EN PROVENCE&#8221; title_text=&#8221;CR\u00c8ME PIEDS MES PIEDS EN PROVENCE&#8221; show_in_lightbox=&#8221;on&#8221; url_new_window=&#8221;off&#8221; animation=&#8221;left&#8221; sticky=&#8221;off&#8221; \/][et_pb_text admin_label=&#8221;Text&#8221; background_layout=&#8221;light&#8221; text_orientation=&#8221;left&#8221; module_class=&#8221;gallerie-lavande&#8221;]<\/p>\n<h3 style=\"text-align: center;\">Cr\u00e8me pieds Mes Pieds en Provence<\/h3>\n<p style=\"text-align: center;\">Fluide Pieds 60ml<br \/>\nRiche en Huiles Essentielles<br \/>\nSensation Pieds l\u00e9gers<\/p>\n<p><img loading=\"lazy\" decoding=\"async\" class=\"alignright size-full wp-image-531\" src=\"http:\/\/www.aluna-cosmetics.com\/wp-content\/uploads\/2014\/10\/Logo-TrimanHD3028.jpg\" alt=\"Logo TrimanHD3028\" width=\"30\" height=\"28\" \/><\/p>\n<p>[\/et_pb_text][et_pb_text admin_label=&#8221;Text&#8221; background_layout=&#8221;dark&#8221; text_orientation=&#8221;left&#8221; module_class=&#8221;legende-lavande&#8221;]Lutte contre la fatigue et les odeurs[\/et_pb_text][\/et_pb_column][et_pb_column type=&#8221;1_3&#8243;][\/et_pb_column][\/et_pb_row][\/et_pb_section]<\/p>\n","protected":false},"excerpt":{"rendered":"<p><div class=\"et_pb_row et_pb_row_0 et_pb_row_empty\">\n\t\t\t\t\n\t\t\t\t\n\t\t\t\t\n\t\t\t\t\n\t\t\t\t\n\t\t\t<\/div>SOUVENT OUBLIES, PEU SOIGNES, NOS PIEDS MERITENT POURTANT LA PLUS GRANDE ATTENTION. EN CONTACT DIRECT AVEC NOTRE TERRE NOURRICIERE, ILS SONT SOUMIS A DE RUDES EPREUVES. ENSERRES DANS NOS CHAUSSURES, NOS PIEDS ONT BESOIN DE PROTECTION ET DE SOIN. NOTRE POUDRE COMPOSE DE TALC DE LUZENAC ET DE POUDRE D\u2019ALUN, LUTTERA CONTRE L\u2019HUMIDITE, TERREAU DES [&hellip;]<\/p>\n","protected":false},"author":4,"featured_media":0,"parent":0,"menu_order":0,"comment_status":"closed","ping_status":"closed","template":"","meta":{"_et_pb_use_builder":"on","_et_pb_old_content":"","_et_gb_content_width":"","footnotes":""},"_links":{"self":[{"href":"https:\/\/www.aluna-cosmetics.com\/en\/wp-json\/wp\/v2\/pages\/826"}],"collection":[{"href":"https:\/\/www.aluna-cosmetics.com\/en\/wp-json\/wp\/v2\/pages"}],"about":[{"href":"https:\/\/www.aluna-cosmetics.com\/en\/wp-json\/wp\/v2\/types\/page"}],"author":[{"embeddable":true,"href":"https:\/\/www.aluna-cosmetics.com\/en\/wp-json\/wp\/v2\/users\/4"}],"replies":[{"embeddable":true,"href":"https:\/\/www.aluna-cosmetics.com\/en\/wp-json\/wp\/v2\/comments?post=826"}],"version-history":[{"count":1,"href":"https:\/\/www.aluna-cosmetics.com\/en\/wp-json\/wp\/v2\/pages\/826\/revisions"}],"predecessor-version":[{"id":835,"href":"https:\/\/www.aluna-cosmetics.com\/en\/wp-json\/wp\/v2\/pages\/826\/revisions\/835"}],"wp:attachment":[{"href":"https:\/\/www.aluna-cosmetics.com\/en\/wp-json\/wp\/v2\/media?parent=826"}],"curies":[{"name":"wp","href":"https:\/\/api.w.org\/{rel}","templated":true}]}}