{"id":855,"date":"2016-09-08T10:24:35","date_gmt":"2016-09-08T09:24:35","guid":{"rendered":"http:\/\/www.aluna-cosmetics.com\/es\/?page_id=855"},"modified":"2016-09-08T10:24:35","modified_gmt":"2016-09-08T09:24:35","slug":"cuidado-del-cuerpo","status":"publish","type":"page","link":"https:\/\/www.aluna-cosmetics.com\/es\/cuidado-del-cuerpo\/","title":{"rendered":"Cuidado del cuerpo"},"content":{"rendered":"<p>[et_pb_section fullwidth=\u00bbon\u00bb specialty=\u00bboff\u00bb inner_shadow=\u00bboff\u00bb parallax=\u00bboff\u00bb background_color=\u00bb#ffffff\u00bb transparent_background=\u00bboff\u00bb parallax_method=\u00bboff\u00bb module_class=\u00bbtitres-page\u00bb][et_pb_fullwidth_header admin_label=\u00bbFullwidth Header\u00bb title=\u00bbLes Soins du Corps\u00bb background_layout=\u00bblight\u00bb text_orientation=\u00bbleft\u00bb \/][\/et_pb_section][et_pb_section fullwidth=\u00bboff\u00bb specialty=\u00bboff\u00bb][et_pb_row][et_pb_column type=\u00bb1_2&#8243;][et_pb_text admin_label=\u00bbText\u00bb background_layout=\u00bblight\u00bb text_orientation=\u00bbleft\u00bb]AU FIL DE NOTRE QU\u00caTE DES SAVOIR FAIRE ARTISANAUX, ET DES TRADITIONS COSM\u00c9TIQUES AU TRAVERS DE LA PLAN\u00c8TE, NOUS AVONS CHOISI DE D\u00c9VELOPPER DES FORMULES DE PRODUITS DE SOINS.<\/p>\n<p>INSPIRES PAR LA NATURE, NOS PRODUITS DE SOINS SONT COMPOSES EXTRAITS V\u00c9G\u00c9TAUX ET D\u2019EAUX FLORALES POUR DES SOINS TOUT EN DOUCEUR ET SANS AGRESSION POUR VOTRE \u00c9PIDERME.<\/p>\n<p>FACILE A APPLIQUER, AVEC OU SANS RIN\u00c7AGE NOS PRODUITS LAVANTS (LOTION MICELLAIRE, LAIT D\u00c9MAQUILLANT) ONT \u00c9T\u00c9 \u00c9LABORES POUR UNE UTILISATION SIMPLE ET EFFICACE, TOUT EN RESPECTANT VOTRE VISAGE.<\/p>\n<p>NOTRE GEL INTIME, A LA FORMULE LAVANTE DOUCE GR\u00c2CE AUX EAUX FLORALES QUI LE COMPOSENT, RESPECTERA VOTRE INTIMIT\u00c9 TOUT EN PR\u00c9VENANT L\u2019APPARITION DE PETITS D\u00c9SAGR\u00c9MENTS.<\/p>\n<p><a href=\"http:\/\/www.aluna-cosmetics.com\/wp-content\/uploads\/2014\/10\/FABRICATIONFRANCAISEbleublancrouge.jpg\"><img loading=\"lazy\" decoding=\"async\" class=\"alignright size-full wp-image-529\" src=\"http:\/\/www.aluna-cosmetics.com\/wp-content\/uploads\/2014\/10\/FABRICATIONFRANCAISEbleublancrouge.jpg\" alt=\"FABRICATIONFRANCAISEbleublancrouge\" width=\"165\" height=\"111\" \/><\/a>[\/et_pb_text][\/et_pb_column][et_pb_column type=\u00bb1_2&#8243;][et_pb_image admin_label=\u00bbImage\u00bb src=\u00bbhttp:\/\/www.aluna-cosmetics.com\/wp-content\/uploads\/2014\/10\/soin.jpg\u00bb show_in_lightbox=\u00bboff\u00bb url_new_window=\u00bboff\u00bb animation=\u00bbleft\u00bb sticky=\u00bboff\u00bb \/][\/et_pb_column][\/et_pb_row][\/et_pb_section][et_pb_section fullwidth=\u00bboff\u00bb specialty=\u00bboff\u00bb transparent_background=\u00bboff\u00bb background_color=\u00bb#ffffff\u00bb inner_shadow=\u00bboff\u00bb parallax=\u00bboff\u00bb parallax_method=\u00bboff\u00bb module_class=\u00bbproduits soins-corp\u00bb][et_pb_row][et_pb_column type=\u00bb1_3&#8243;][et_pb_text admin_label=\u00bbText\u00bb background_layout=\u00bbdark\u00bb text_orientation=\u00bbleft\u00bb module_class=\u00bborange\u00bb]<\/p>\n<h3>GEL INTIME BIOLOGIQUE<\/h3>\n<h4>Gel Intime<\/h4>\n<p>[\/et_pb_text][et_pb_image admin_label=\u00bbImage\u00bb src=\u00bbhttp:\/\/www.aluna-cosmetics.com\/wp-content\/uploads\/2014\/10\/ALUNA-Gel-Hygiene-Intime.jpg\u00bb show_in_lightbox=\u00bbon\u00bb url_new_window=\u00bboff\u00bb animation=\u00bbleft\u00bb sticky=\u00bboff\u00bb alt=\u00bbALUNA Gel Hygiene Intime\u00bb title_text=\u00bbALUNA Gel Hygiene Intime\u00bb \/][et_pb_text admin_label=\u00bbText\u00bb background_layout=\u00bblight\u00bb text_orientation=\u00bbleft\u00bb module_class=\u00bbgallerie-orange\u00bb]<\/p>\n<h3 style=\"text-align: center;\">Intime Id\u00e9e<\/h3>\n<p style=\"text-align: center;\">Gel Intime 200ml<\/p>\n<p style=\"text-align: center;\">Aloe Vera \u2013 Calendula BIO<\/p>\n<p style=\"text-align: center;\">Formule douce qui respecte<br \/>\nvotre intimit\u00e9<\/p>\n<p><img loading=\"lazy\" decoding=\"async\" class=\"alignright size-full wp-image-531\" src=\"http:\/\/www.aluna-cosmetics.com\/wp-content\/uploads\/2014\/10\/Logo-TrimanHD3028.jpg\" alt=\"Logo TrimanHD3028\" width=\"30\" height=\"28\" \/><\/p>\n<p>[\/et_pb_text][et_pb_text admin_label=\u00bbText\u00bb background_layout=\u00bbdark\u00bb text_orientation=\u00bbleft\u00bb module_class=\u00bblegende-orange\u00bb]<\/p>\n<p>Formule lavante douce<br \/>\net purifiante<\/p>\n<p>[\/et_pb_text][\/et_pb_column][et_pb_column type=\u00bb1_3&#8243;][et_pb_text admin_label=\u00bbText\u00bb background_layout=\u00bbdark\u00bb text_orientation=\u00bbleft\u00bb module_class=\u00bbtitre-rouge\u00bb]<\/p>\n<h3>EAU MICELLAIRE BIOLOGIQUE<\/h3>\n<h4>Eau Micellaire<\/h4>\n<p>[\/et_pb_text][et_pb_image admin_label=\u00bbImage\u00bb src=\u00bbhttp:\/\/www.aluna-cosmetics.com\/wp-content\/uploads\/2014\/10\/ALUNA-Lotion-Micellaire.jpg\u00bb show_in_lightbox=\u00bbon\u00bb url_new_window=\u00bboff\u00bb animation=\u00bbleft\u00bb sticky=\u00bboff\u00bb alt=\u00bbALUNA Lotion Micellaire\u00bb title_text=\u00bbALUNA Lotion Micellaire\u00bb \/][et_pb_text admin_label=\u00bbText\u00bb background_layout=\u00bblight\u00bb text_orientation=\u00bbleft\u00bb module_class=\u00bbgallerie-rouge\u00bb]<\/p>\n<h3 style=\"text-align: center;\">Fra\u00eeche et si fra\u00eeche<\/h3>\n<p style=\"text-align: center;\">Eau micellaire BIO 200ml<\/p>\n<p style=\"text-align: center;\">Aloe Vera \u2013 Eaux florales BIO<\/p>\n<p style=\"text-align: center;\">Action 4 en 1\u00a0:\u00a0 Nettoie, Hydrate, Rafraichit et Tonifie<\/p>\n<p><img loading=\"lazy\" decoding=\"async\" class=\"alignright size-full wp-image-531\" src=\"http:\/\/www.aluna-cosmetics.com\/wp-content\/uploads\/2014\/10\/Logo-TrimanHD3028.jpg\" alt=\"Logo TrimanHD3028\" width=\"30\" height=\"28\" \/><\/p>\n<p>[\/et_pb_text][et_pb_text admin_label=\u00bbText\u00bb background_layout=\u00bbdark\u00bb text_orientation=\u00bbleft\u00bb module_class=\u00bblegende-rouge\u00bb]<\/p>\n<p>Action 4 en 1<br \/>\nNettoyage efficace<\/p>\n<p>[\/et_pb_text][\/et_pb_column][et_pb_column type=\u00bb1_3&#8243;][et_pb_text admin_label=\u00bbText\u00bb background_layout=\u00bbdark\u00bb text_orientation=\u00bbleft\u00bb module_class=\u00bbtitre-marron\u00bb]<\/p>\n<h3>LAIT DEMAQUILLANT BIOLOGIQUE<\/h3>\n<h4>Lait d\u00e9maquillant<\/h4>\n<p>[\/et_pb_text][et_pb_image admin_label=\u00bbImage\u00bb src=\u00bbhttp:\/\/www.aluna-cosmetics.com\/wp-content\/uploads\/2014\/10\/ALUNA-Lait-Demaquillant.jpg\u00bb show_in_lightbox=\u00bbon\u00bb url_new_window=\u00bboff\u00bb animation=\u00bbleft\u00bb sticky=\u00bboff\u00bb alt=\u00bbALUNA Lait Demaquillant\u00bb title_text=\u00bbALUNA Lait Demaquillant\u00bb \/][et_pb_text admin_label=\u00bbText\u00bb background_layout=\u00bblight\u00bb text_orientation=\u00bbleft\u00bb module_class=\u00bbgallerie-marron\u00bb]<\/p>\n<h3 style=\"text-align: center;\">Nuage de Lait<\/h3>\n<p style=\"text-align: center;\">Lait D\u00e9maquillant BIO 200ml<\/p>\n<p style=\"text-align: center;\">Amande \u2013 Aloe Vera BIO<\/p>\n<p style=\"text-align: center;\">D\u00e9maquille efficacement<br \/>\net en douceur<\/p>\n<p><img loading=\"lazy\" decoding=\"async\" class=\"alignright size-full wp-image-531\" src=\"http:\/\/www.aluna-cosmetics.com\/wp-content\/uploads\/2014\/10\/Logo-TrimanHD3028.jpg\" alt=\"Logo TrimanHD3028\" width=\"30\" height=\"28\" \/><\/p>\n<p>[\/et_pb_text][et_pb_text admin_label=\u00bbText\u00bb background_layout=\u00bbdark\u00bb text_orientation=\u00bbleft\u00bb module_class=\u00bblegende-marron\u00bb]<\/p>\n<p>Elimine en douceur<br \/>\nle maquillage<\/p>\n<p>[\/et_pb_text][\/et_pb_column][\/et_pb_row][\/et_pb_section]<\/p>\n","protected":false},"excerpt":{"rendered":"<p><div class=\"et_pb_row et_pb_row_0 et_pb_row_empty\">\n\t\t\t\t\n\t\t\t\t\n\t\t\t\t\n\t\t\t\t\n\t\t\t\t\n\t\t\t<\/div>AU FIL DE NOTRE QU\u00caTE DES SAVOIR FAIRE ARTISANAUX, ET DES TRADITIONS COSM\u00c9TIQUES AU TRAVERS DE LA PLAN\u00c8TE, NOUS AVONS CHOISI DE D\u00c9VELOPPER DES FORMULES DE PRODUITS DE SOINS. INSPIRES PAR LA NATURE, NOS PRODUITS DE SOINS SONT COMPOSES EXTRAITS V\u00c9G\u00c9TAUX ET D\u2019EAUX FLORALES POUR DES SOINS TOUT EN DOUCEUR ET SANS AGRESSION POUR VOTRE [&hellip;]<\/p>\n","protected":false},"author":4,"featured_media":0,"parent":0,"menu_order":0,"comment_status":"closed","ping_status":"closed","template":"","meta":{"_et_pb_use_builder":"on","_et_pb_old_content":"","_et_gb_content_width":"","footnotes":""},"_links":{"self":[{"href":"https:\/\/www.aluna-cosmetics.com\/es\/wp-json\/wp\/v2\/pages\/855"}],"collection":[{"href":"https:\/\/www.aluna-cosmetics.com\/es\/wp-json\/wp\/v2\/pages"}],"about":[{"href":"https:\/\/www.aluna-cosmetics.com\/es\/wp-json\/wp\/v2\/types\/page"}],"author":[{"embeddable":true,"href":"https:\/\/www.aluna-cosmetics.com\/es\/wp-json\/wp\/v2\/users\/4"}],"replies":[{"embeddable":true,"href":"https:\/\/www.aluna-cosmetics.com\/es\/wp-json\/wp\/v2\/comments?post=855"}],"version-history":[{"count":1,"href":"https:\/\/www.aluna-cosmetics.com\/es\/wp-json\/wp\/v2\/pages\/855\/revisions"}],"predecessor-version":[{"id":859,"href":"https:\/\/www.aluna-cosmetics.com\/es\/wp-json\/wp\/v2\/pages\/855\/revisions\/859"}],"wp:attachment":[{"href":"https:\/\/www.aluna-cosmetics.com\/es\/wp-json\/wp\/v2\/media?parent=855"}],"curies":[{"name":"wp","href":"https:\/\/api.w.org\/{rel}","templated":true}]}}